{"id":314,"date":"2020-03-13T10:32:38","date_gmt":"2020-03-13T07:32:38","guid":{"rendered":"http:\/\/hulyabolu.com\/?page_id=314"},"modified":"2020-04-10T10:27:00","modified_gmt":"2020-04-10T07:27:00","slug":"akilli-lensler","status":"publish","type":"page","link":"https:\/\/www.hulyabolu.com\/index.php\/goz-hastaliklari\/akilli-lensler\/","title":{"rendered":"Ak\u0131ll\u0131 Lensler"},"content":{"rendered":"<p>[vc_row css_animation=&#8221;&#8221; row_type=&#8221;row&#8221; use_row_as_full_screen_section=&#8221;no&#8221; type=&#8221;full_width&#8221; angled_section=&#8221;no&#8221; text_align=&#8221;left&#8221; background_image_as_pattern=&#8221;without_pattern&#8221;][vc_column width=&#8221;2\/3&#8243; css=&#8221;.vc_custom_1586333897614{padding-bottom: 30px !important;}&#8221;][vc_column_text css=&#8221;.vc_custom_1586333890810{padding-bottom: 15px !important;}&#8221;]Halk aras\u0131nda \u201cak\u0131ll\u0131 lens\u201d veya \u201cak\u0131ll\u0131 mercek\u201d olarak bilinen trifokal lensler hastalar\u0131n hem yak\u0131n hem orta hem de uzak mesafede g\u00f6zl\u00fcks\u00fcz g\u00f6rme netli\u011fini artt\u0131rabilen yeni nesil \u00e7ok odakl\u0131 g\u00f6z i\u00e7i lenslerdir.<\/p>\n<p>&nbsp;<\/p>\n<p>Ak\u0131ll\u0131 lensler ve sunduklar\u0131 konforun daha iyi anla\u015f\u0131labilmesi i\u00e7in do\u011fal g\u00f6z i\u00e7i merceklerimiz ile ilgili k\u0131sa bir bilgi vermek istiyorum.<\/p>\n<p>&nbsp;<\/p>\n<p>Korneadan gelen \u0131\u015f\u0131\u011f\u0131 retinada odaklama g\u00f6revine sahip olan g\u00f6z i\u00e7i mercekler, kristal netli\u011fine sahip esnek yap\u0131lard\u0131r. Zaman i\u00e7erisinde ya\u015f\u0131n ilerlemesi, edinilen sistemik hastal\u0131klar, g\u00f6ze al\u0131nan travmalar ve ge\u00e7mi\u015f d\u00f6nemde ge\u00e7irilen g\u00f6z ameliyatlar\u0131 gibi farkl\u0131 nedenlerle g\u00f6z i\u00e7i merceklerimizin \u015feffaf ve elastik yap\u0131s\u0131 de\u011fi\u015fmeye, akomodasyon yani uyum yetene\u011fi azalmaya ba\u015flar. Bu de\u011fi\u015fim g\u00f6z i\u00e7i merceklerinin fonksiyonlar\u0131n\u0131n bozulmas\u0131na ve dolay\u0131s\u0131yla g\u00f6rme kalitesinde azalmaya yol a\u00e7ar. Kimi zaman g\u00f6z merce\u011finin yaln\u0131zca fonksiyonu azal\u0131rken kimi zaman e\u015f zamanl\u0131 olarak \u015feffaf yap\u0131s\u0131 da bozulur. G\u00f6z i\u00e7i merce\u011finin \u015feffafl\u0131\u011f\u0131n\u0131 yitirip kesifle\u015fmeye ba\u015flamas\u0131 \u201ckatarakt\u201d; g\u00f6z merce\u011finin fonksiyonlar\u0131n\u0131n bozulmas\u0131 ise g\u00f6zde k\u0131rma kusurlar\u0131n\u0131n olu\u015fumuna yol a\u00e7ar.<\/p>\n<p>&nbsp;<\/p>\n<p>Ge\u00e7mi\u015f y\u0131llarda, hen\u00fcz hem yak\u0131n\u0131 hem orta mesafeyi hem de uza\u011f\u0131 ayn\u0131 anda net bir \u015fekilde g\u00f6rmeyi sa\u011flayan trifokal yani ak\u0131ll\u0131 lensler bulunmam\u0131\u015fken, do\u011fal g\u00f6z i\u00e7i merce\u011finin de\u011fi\u015fmesi gerekti\u011finde tek odakl\u0131 (monofokal) lenslere ba\u015fvuruldu. Ancak monofokal mercekler yaln\u0131zca uzak mesafeyi g\u00f6zl\u00fcks\u00fcz g\u00f6rmeyi sa\u011flayabilecek \u00f6zelliklere sahip oldu\u011fu i\u00e7in, hastalar\u0131n yak\u0131n g\u00f6zl\u00fc\u011f\u00fc kullanmama taleplerini kar\u015f\u0131layamad\u0131. Daha sonra t\u0131bbi teknolojilerin ve ihtiya\u00e7lar\u0131n de\u011fi\u015fmesi ile birlikte iki odakl\u0131 multifokal lensler geli\u015ftirildi. Multifokal lensler sayesinde art\u0131k hem yak\u0131n hem de uzak mesafede g\u00f6zl\u00fck kullanmak istemeyenlerin de sorunlar\u0131 \u00e7\u00f6z\u00fclm\u00fc\u015f oldu.<\/p>\n<p>&nbsp;<\/p>\n<p>Ancak g\u00fcnl\u00fck hayat\u0131m\u0131z giderek karma\u015f\u0131k ve teknolojiye ba\u011f\u0131ml\u0131 hale geliyor. Art\u0131k tabletler, televizyonlar, bilgisayarlar vb. cihazlar\u0131 kullanabilmek i\u00e7in orta mesafede de g\u00f6r\u00fc\u015f netli\u011finin y\u00fcksek olmas\u0131na ihtiya\u00e7 duyuluyor. \u0130\u015fte bu ihtiya\u00e7lar\u0131n artmas\u0131 da yapay g\u00f6z i\u00e7i mercek teknolojisinde ilerlemelerin en b\u00fcy\u00fck tetikleyicisi olarak de\u011ferlendiriliyor. En geli\u015fmi\u015f yapay g\u00f6z i\u00e7i mercekleri olarak g\u00f6sterilen trifokal lensler sayesinde hastalar yak\u0131n, orta ve uzak mesafeyi rahat bir \u015fekilde g\u00f6rebiliyor; g\u00f6zl\u00fck kullanma ihtiya\u00e7lar\u0131 ortadan kalk\u0131yor ve bu lenslerin \u00f6m\u00fcrl\u00fck olmas\u0131 sayesinde hastalar b\u00fcy\u00fck bir konforla bulu\u015fabiliyor.<\/p>\n<p>&nbsp;<\/p>\n<h2><strong>Ak\u0131ll\u0131 Lens Nedir?<\/strong><\/h2>\n<p>&nbsp;<\/p>\n<p>T\u00fcm bu a\u00e7\u0131klamalar\u0131n \u0131\u015f\u0131\u011f\u0131nda \u201cak\u0131ll\u0131 mercek nedir?\u201d sorusuna k\u0131sa bir yan\u0131t vermek istiyorum. Ak\u0131ll\u0131 lensler, do\u011fal g\u00f6z merce\u011finin yap\u0131s\u0131 bozuldu\u011funda ve \/ veya fonksiyonlar\u0131 azald\u0131\u011f\u0131nda ortaya \u00e7\u0131kan g\u00f6rme kusurlar\u0131n\u0131n giderilmesi amac\u0131yla \u00fcretilen; yak\u0131n, orta ve uzak mesafede g\u00f6rme netli\u011fini artt\u0131rarak g\u00f6zl\u00fck kullanma ihtiyac\u0131n\u0131 ortadan kald\u0131ran, \u00f6m\u00fcr boyu kullan\u0131labilen ve hastalara y\u00fcksek konfor sa\u011flayan yapay g\u00f6z i\u00e7i mercekleridir.<\/p>\n<p>&nbsp;<\/p>\n<p>Ak\u0131ll\u0131 lensler sayesinde g\u00fcn\u00fcm\u00fcz ko\u015fullar\u0131nda ortaya \u00e7\u0131kan orta mesafeyi net g\u00f6rme gereksinimi ba\u015far\u0131l\u0131 bir \u015fekilde kar\u015f\u0131lanabilir.<\/p>\n<p>Ancak ak\u0131ll\u0131 lensler s\u00f6z konusu oldu\u011funda en ay\u0131rt edici \u00f6zelliklerinin, ara mesafede sunduklar\u0131 y\u00fcksek g\u00f6rme netli\u011fi oldu\u011funu ifade edebilirim. Orta mesafede net g\u00f6r\u00fc\u015fle g\u00fcn i\u00e7erisindeki ihtiya\u00e7lar\u0131m\u0131z\u0131 birlikte de\u011ferlendirdi\u011fimizde trifokal g\u00f6z i\u00e7i mercekler sayesinde hayat\u0131n ne denli kolayla\u015ft\u0131\u011f\u0131n\u0131 basit bir \u015fekilde anlayabiliriz.<\/p>\n<p>&nbsp;<\/p>\n<p>G\u00fcn i\u00e7erisinde bilgisayar kullan\u0131rken, cep telefonumuzla ilgilenirken, tabletlerimizde i\u015flem yaparken ya da mutfak tezgah\u0131nda yemek haz\u0131rlarken trifokal lenslerin sundu\u011fu rahatl\u0131\u011f\u0131 \u00e7ok basit bir \u015fekilde deneyimleyebiliriz.<\/p>\n<p>&nbsp;<\/p>\n<p>Her ne kadar ak\u0131ll\u0131 lens teknolojisi ba\u015fl\u0131 ba\u015f\u0131na bir devrim niteli\u011fi ta\u015f\u0131sa da ak\u0131ll\u0131 lenslerin se\u00e7imi s\u0131ras\u0131nda t\u00fcr ve kalite gibi \u00f6zelliklere de odaklan\u0131lmas\u0131 gerekir. Hastan\u0131n uygunlu\u011funun do\u011fru de\u011ferlendirilmesi ve hastan\u0131n ihtiya\u00e7lar\u0131na uygun lens se\u00e7ilmesi ak\u0131ll\u0131 lens avantajlar\u0131n\u0131 artt\u0131ran \u00f6nemli gerekliliklerdendir.<\/p>\n<p>&nbsp;<\/p>\n<h2><strong>Ak\u0131ll\u0131 Lenslere Neden \u0130htiya\u00e7 Duyulur?<\/strong><\/h2>\n<p>&nbsp;<\/p>\n<p>Ak\u0131ll\u0131 lensler, kontakt lenslerle kar\u0131\u015ft\u0131r\u0131lmamal\u0131d\u0131r. Bu lensler g\u00f6z\u00fcm\u00fczde yer alan do\u011fal, \u015feffaf ve elastik g\u00f6z i\u00e7i merce\u011finin i\u015flevini yerine getiren yapay mercekleridir. Ak\u0131ll\u0131 lensler, do\u011fal g\u00f6z merce\u011finin yerine g\u00f6z i\u00e7ine kal\u0131c\u0131 olarak yerle\u015ftirilir.<\/p>\n<p>&nbsp;<\/p>\n<p>Ak\u0131ll\u0131 lens kullan\u0131m alanlar\u0131n\u0131n, do\u011fal g\u00f6z merce\u011finin yap\u0131s\u0131n\u0131n ve fonksiyonlar\u0131n\u0131n zarar g\u00f6rmesi sonucu ortaya \u00e7\u0131kan ihtiya\u00e7lar\u0131 kar\u015f\u0131lamaya y\u00f6nelik \u00e7e\u015fitlendi\u011fini belirtebilirim.<\/p>\n<p>&nbsp;<\/p>\n<p>Hastada katarakt g\u00f6r\u00fclmemesine ra\u011fmen ilerleyen, ya\u015fla birlikte lens yap\u0131s\u0131ndaki elastikiyet azalmas\u0131na ba\u011fl\u0131 olarak g\u00f6zde k\u0131rma sorunlar\u0131 ortaya \u00e7\u0131kt\u0131\u011f\u0131nda da, ak\u0131ll\u0131 lens kullan\u0131m\u0131 \u00f6nemli bir konfor sa\u011flar. Dolay\u0131s\u0131yla hastan\u0131n refraktif bozukluklar\u0131n\u0131n giderilmesi s\u00f6z konusu oldu\u011funda da, ak\u0131ll\u0131 lensler \u00e7ok ba\u015far\u0131l\u0131 bir \u00e7\u00f6z\u00fcm\u00a0 sunar.<\/p>\n<p>&nbsp;<\/p>\n<h2><strong>Kimlere Ak\u0131ll\u0131 G\u00f6z \u0130\u00e7i Lens Tak\u0131labilir?<\/strong><\/h2>\n<p>&nbsp;<\/p>\n<p>Ak\u0131ll\u0131 lens tak\u0131labilmesi i\u00e7in hastalar\u0131n uygun \u00f6zelliklere sahip olmas\u0131 gerekir.<\/p>\n<p>&nbsp;<\/p>\n<ul>\n<li>Katarakt ameliyat\u0131 planlanan ve katarakt ameliyat\u0131 sonras\u0131nda g\u00f6zl\u00fck kullanmak istemeyen hastalara ak\u0131ll\u0131 lens tak\u0131labilir. Bu hastalar\u0131n do\u011fal g\u00f6z mercekleri ak\u0131ll\u0131 mercekler ile de\u011fi\u015ftirildi\u011finde g\u00f6zl\u00fcks\u00fcz ya\u015famalar\u0131 m\u00fcmk\u00fcnd\u00fcr. Ak\u0131ll\u0131 merceklerin \u00f6m\u00fcrl\u00fck olmas\u0131 sayesinde hastalar\u0131n mevcut k\u0131rma kusurlar\u0131 ortadan kald\u0131r\u0131l\u0131r.<\/li>\n<\/ul>\n<p>&nbsp;<\/p>\n<ul>\n<li>Ak\u0131ll\u0131 lenslerin kullan\u0131labilmesi i\u00e7in hastan\u0131n illa ki katarakt hastal\u0131\u011f\u0131na sahip olmas\u0131na da gerek yoktur. Ya\u015f\u0131 gen\u00e7 olmas\u0131na ra\u011fmen y\u00fcksek derecede hipermetropi veya miyopi olan di\u011fer bir deyi\u015fle LASIK i\u00e7in uygun kabul edilmeyen hastalara da ak\u0131ll\u0131 lens uygulanabilir.<\/li>\n<\/ul>\n<p>&nbsp;<\/p>\n<ul>\n<li>Ak\u0131ll\u0131 lenslerin kullan\u0131labilece\u011fi bir di\u011fer hasta grubu da 40 ya\u015f\u0131n\u0131 ge\u00e7mi\u015f; uzak veya yak\u0131n ya da her iki mesafede de g\u00f6rme sorunu ya\u015fayan ve g\u00f6zl\u00fck takmaktan tamamen kurtulmak isteyenlerdir.<\/li>\n<\/ul>\n<p>&nbsp;<\/p>\n<ul>\n<li>Ak\u0131ll\u0131 lens uygulamas\u0131n\u0131n yap\u0131labilmesi i\u00e7in hastalar\u0131n do\u011fru bir \u015fekilde de\u011ferlendirilmesi gerekir. G\u00f6z tembelli\u011fi olan, kornea yap\u0131s\u0131nda d\u00fczensizlik bulunan, diyabete ba\u011fl\u0131 retina hasar\u0131na, \u015fa\u015f\u0131l\u0131\u011fa, g\u00f6z tansiyonuna veya sar\u0131 nokta hastal\u0131\u011f\u0131na sahip olan ki\u015filerde ak\u0131ll\u0131 lens uygulamas\u0131 tercih edilmez.<\/li>\n<\/ul>\n<p>&nbsp;<\/p>\n<p>&nbsp;<\/p>\n<p>Sayd\u0131\u011f\u0131m t\u00fcm bu fakt\u00f6rler de\u011ferlendirilmedi\u011fi ve hastalar\u0131n g\u00f6z muayeneleri detayl\u0131 bir \u015fekilde ger\u00e7ekle\u015ftirilmedi\u011fi takdirde ak\u0131ll\u0131 lens uygulamas\u0131 yap\u0131lmamal\u0131d\u0131r.<\/p>\n<p>&nbsp;<\/p>\n<h2>Ak\u0131ll\u0131 Lens Operasyonu Nas\u0131l Yap\u0131l\u0131r?<\/h2>\n<p>&nbsp;<\/p>\n<p><em>\u201cAk\u0131ll\u0131 lens operasyonu ile katarakt cerrahisi \u00f6z\u00fcnde ayn\u0131 giri\u015fimlerdir. Operasyonun mant\u0131\u011f\u0131 yap\u0131s\u0131 ve\/veya fonksiyonlar\u0131n\u0131 yitiren do\u011fal g\u00f6z i\u00e7i merce\u011finin yerine \u00fc\u00e7 odakl\u0131 ak\u0131ll\u0131 lenslerin tak\u0131lmas\u0131 oldu\u011fu i\u00e7in \u00f6ncelikle eski mercek \u00e7\u0131kar\u0131lmal\u0131d\u0131r.\u201d<\/em><\/p>\n<p>&nbsp;<\/p>\n<p>G\u00fcn\u00fcm\u00fczde ilerleyen teknoloji sayesinde katarakt ameliyatlar\u0131 ve \u015feffaf lens de\u011fi\u015fimi ameliyatlar\u0131 hem standart FAKO hem de Femtosaniye ile FAKO teknikleri ile ger\u00e7ekle\u015ftirilebilir.<\/p>\n<p>&nbsp;<\/p>\n<p>Ak\u0131ll\u0131 lens ameliyat\u0131 s\u0131ras\u0131nda hastan\u0131n g\u00f6z\u00fc damla ile uyu\u015fturulur ve operasyon s\u0131ras\u0131nda hasta a\u011fr\u0131 ya da ac\u0131 hissetmez.<\/p>\n<p>&nbsp;<\/p>\n<p>Her bir g\u00f6z i\u00e7in yakla\u015f\u0131k 5-10 dakikada i\u015flem tamamlan\u0131r ve ayn\u0131 g\u00fcn i\u00e7erisinde yaln\u0131zca tek g\u00f6ze ak\u0131ll\u0131 lens tak\u0131labilir.<\/p>\n<p>&nbsp;<\/p>\n<p>Ak\u0131ll\u0131 lens operasyonu sonras\u0131nda hastalar\u0131n hastanede yatmas\u0131 gerekmez, kontrolleri ger\u00e7ekle\u015ftirildikten sonra evlerine d\u00f6nebilirler.<\/p>\n<p>&nbsp;<\/p>\n<p>Her iki g\u00f6ze de ak\u0131ll\u0131 lens tak\u0131lacaksa di\u011fer operasyon ilk operasyondan 2-3 g\u00fcn sonra ger\u00e7ekle\u015ftirilir.<\/p>\n<p>&nbsp;<\/p>\n<h2><strong>Ak\u0131ll\u0131 Lensler Hakk\u0131nda S\u0131k Sorulan Sorular<\/strong><\/h2>\n<p>[\/vc_column_text]<div class=\"qode-accordion-holder clearfix qode-accordion qode-initial \">\n\t<h4 class=\"clearfix qode-title-holder\">\n<span class=\"qode-tab-title\">\n\t    <span class=\"qode-tab-title-inner\">\n        Ak\u0131ll\u0131 Lens Tak\u0131ld\u0131ktan Sonra G\u00f6zl\u00fck \u0130htiyac\u0131 Ortadan Kalkar m\u0131?    <\/span>\n<\/span>\n<span class=\"qode-accordion-mark\">\n    <span class=\"qode-accordion-mark-icon\">\n        <span class=\"icon_plus\"><\/span>\n        <span class=\"icon_minus-06\"><\/span>\n    <\/span>\n<\/span>\n<\/h4>\n<div  class=\"qode-accordion-content \" >\n    <div class=\"qode-accordion-content-inner\">\n        [vc_column_text]Evet, trifokal lenslerin geli\u015ftirilmesinin temel amac\u0131 hastalar\u0131n yak\u0131n, orta ve uzak mesafede g\u00f6zl\u00fck kullanmadan net bir g\u00f6r\u00fc\u015fe ula\u015fmalar\u0131n\u0131 sa\u011flamakt\u0131r. Elbette ki ak\u0131ll\u0131 mercek tak\u0131lan t\u00fcm hastalar %100 g\u00f6zl\u00fck kullanmay\u0131 b\u0131rakacak \u015feklinde bir genelleme yapmak m\u00fcmk\u00fcn de\u011fildir, ancak ak\u0131ll\u0131 mercek ameliyat\u0131 olanlar\u0131n %90\u2019\u0131ndan fazlas\u0131n\u0131n g\u00f6zl\u00fcklerinden kurtuldu\u011funu, ger\u00e7ekle\u015ftirdi\u011fim y\u00fczlerce ak\u0131ll\u0131 lens operasyonu sonu\u00e7lar\u0131na ve ba\u015far\u0131 oranlar\u0131na dayanarak s\u00f6yleyebilirim.[\/vc_column_text]    <\/div>\n<\/div><h4 class=\"clearfix qode-title-holder\">\n<span class=\"qode-tab-title\">\n\t    <span class=\"qode-tab-title-inner\">\n        Ak\u0131ll\u0131 Lens Kimlere Uygulanmaz?    <\/span>\n<\/span>\n<span class=\"qode-accordion-mark\">\n    <span class=\"qode-accordion-mark-icon\">\n        <span class=\"icon_plus\"><\/span>\n        <span class=\"icon_minus-06\"><\/span>\n    <\/span>\n<\/span>\n<\/h4>\n<div  class=\"qode-accordion-content \" >\n    <div class=\"qode-accordion-content-inner\">\n        [vc_column_text]Ak\u0131ll\u0131 lens tak\u0131labilmesi i\u00e7in hastalar\u0131n kornea yap\u0131lar\u0131nda d\u00fczensizlik bulunmamas\u0131, retina hasar\u0131 olmamas\u0131, \u015fa\u015f\u0131l\u0131k sorunu ya\u015famamas\u0131, sar\u0131 nokta veya glokom gibi g\u00f6z hastal\u0131klar\u0131na sahip olmamas\u0131 ve ileri d\u00fczeyde g\u00f6z tembelli\u011fi olmamas\u0131 \u015fartlar\u0131 aran\u0131r.[\/vc_column_text]    <\/div>\n<\/div><h4 class=\"clearfix qode-title-holder\">\n<span class=\"qode-tab-title\">\n\t    <span class=\"qode-tab-title-inner\">\n        Ak\u0131ll\u0131 Merceklerin Avantajlar\u0131 Nelerdir?    <\/span>\n<\/span>\n<span class=\"qode-accordion-mark\">\n    <span class=\"qode-accordion-mark-icon\">\n        <span class=\"icon_plus\"><\/span>\n        <span class=\"icon_minus-06\"><\/span>\n    <\/span>\n<\/span>\n<\/h4>\n<div  class=\"qode-accordion-content \" >\n    <div class=\"qode-accordion-content-inner\">\n        [vc_column_text]Ak\u0131ll\u0131 mercekler tek ve iki odakl\u0131 g\u00f6z i\u00e7i lenslerden farkl\u0131 olarak \u00fc\u00e7 odak noktas\u0131na sahiptir. Dolay\u0131s\u0131yla yeni nesil ak\u0131ll\u0131 g\u00f6z i\u00e7i mercekler sayesinde hastalar yak\u0131n, orta ve uzak mesafede net bir g\u00f6r\u00fc\u015fe kavu\u015fabilirler.<\/p>\n<p>Ak\u0131ll\u0131 mercekler \u00f6m\u00fcrl\u00fckt\u00fcr, ak\u0131ll\u0131 mercek tak\u0131lan hastalar\u0131n g\u00f6z numaralar\u0131 ilerlemez ya da bu hastalarda yeniden katarakt olu\u015fmaz.<\/p>\n<p>Ak\u0131ll\u0131 mercek g\u00f6zl\u00fcklerden kurtulmay\u0131 ve g\u00fcnl\u00fck hayatta daha konforlu olmay\u0131 sa\u011flar.<\/p>\n<p>Ak\u0131ll\u0131 mercek avantajlar\u0131n\u0131n tamam\u0131ndan yararlan\u0131labilmesi i\u00e7in operasyon \u00f6ncesi s\u00fcre\u00e7te hastalar\u0131n g\u00f6z muayenelerinin ve tetkiklerinin eksiksiz yap\u0131lmas\u0131 ve do\u011fru de\u011ferlendirilmeleri gerekir.[\/vc_column_text]    <\/div>\n<\/div><h4 class=\"clearfix qode-title-holder\">\n<span class=\"qode-tab-title\">\n\t    <span class=\"qode-tab-title-inner\">\n        Ak\u0131ll\u0131 Lensler Alerji Yapar m\u0131?    <\/span>\n<\/span>\n<span class=\"qode-accordion-mark\">\n    <span class=\"qode-accordion-mark-icon\">\n        <span class=\"icon_plus\"><\/span>\n        <span class=\"icon_minus-06\"><\/span>\n    <\/span>\n<\/span>\n<\/h4>\n<div  class=\"qode-accordion-content \" >\n    <div class=\"qode-accordion-content-inner\">\n        [vc_column_text]Ak\u0131ll\u0131 g\u00f6z i\u00e7i mercekler ileri teknoloji kullan\u0131larak g\u00f6z\u00fcn do\u011fal yap\u0131s\u0131na uygun bir \u015fekilde \u00fcretilir. Kalite standartlar\u0131n\u0131 yerine getiren ak\u0131ll\u0131 merceklerin hastalarda alerji yapma ihtimali yoktur.[\/vc_column_text]    <\/div>\n<\/div><h4 class=\"clearfix qode-title-holder\">\n<span class=\"qode-tab-title\">\n\t    <span class=\"qode-tab-title-inner\">\n        Ak\u0131ll\u0131 Lens Ameliyat\u0131 \u0130\u00e7in Hastan\u0131n Katarakt\u0131 Olmas\u0131 Gerekir mi?    <\/span>\n<\/span>\n<span class=\"qode-accordion-mark\">\n    <span class=\"qode-accordion-mark-icon\">\n        <span class=\"icon_plus\"><\/span>\n        <span class=\"icon_minus-06\"><\/span>\n    <\/span>\n<\/span>\n<\/h4>\n<div  class=\"qode-accordion-content \" >\n    <div class=\"qode-accordion-content-inner\">\n        [vc_column_text]<\/p>\n<div class=\"wpb_column vc_column_container vc_col-sm-8\">\n<div class=\"vc_column-inner\">\n<div class=\"wpb_wrapper\">\n<div class=\"wpb_text_column wpb_content_element \">\n<div class=\"wpb_wrapper\">\n<p>Hay\u0131r, ak\u0131ll\u0131 lens tedavisi g\u00fcn\u00fcm\u00fczde katarakt hastalar\u0131na ek olarak uygun ko\u015fullar\u0131 sa\u011flayan, lazer i\u00e7in hipermetropi ve\/veya miyopi dereceleri y\u00fcksek olan ya da g\u00f6zl\u00fcklerinden kurtulmak isteyen ki\u015filere de uygulanabiliyor.<\/p>\n<\/div>\n<\/div>\n<\/div>\n<\/div>\n<\/div>\n<p>[\/vc_column_text]    <\/div>\n<\/div><\/div>[\/vc_column][vc_column width=&#8221;1\/3&#8243;][vc_widget_sidebar sidebar_id=&#8221;G\u00f6z Rahats\u0131zl\u0131klar&#8221; el_class=&#8221;.sidekstrabar&#8221;][\/vc_column][\/vc_row]<\/p>\n","protected":false},"excerpt":{"rendered":"<p>[vc_row css_animation=&#8221;&#8221; row_type=&#8221;row&#8221; use_row_as_full_screen_section=&#8221;no&#8221; type=&#8221;full_width&#8221; angled_section=&#8221;no&#8221; text_align=&#8221;left&#8221; background_image_as_pattern=&#8221;without_pattern&#8221;][vc_column width=&#8221;2\/3&#8243; css=&#8221;.vc_custom_1586333897614{padding-bottom: 30px !important;}&#8221;][vc_column_text css=&#8221;.vc_custom_1586333890810{padding-bottom: 15px !important;}&#8221;]Halk aras\u0131nda \u201cak\u0131ll\u0131 lens\u201d veya \u201cak\u0131ll\u0131 mercek\u201d olarak bilinen trifokal lensler hastalar\u0131n hem yak\u0131n hem orta hem de uzak mesafede g\u00f6zl\u00fcks\u00fcz g\u00f6rme netli\u011fini artt\u0131rabilen yeni nesil \u00e7ok odakl\u0131 g\u00f6z i\u00e7i lenslerdir&#8230;.<\/p>\n","protected":false},"author":1,"featured_media":0,"parent":175,"menu_order":0,"comment_status":"closed","ping_status":"closed","template":"","meta":{"footnotes":""},"_links":{"self":[{"href":"https:\/\/www.hulyabolu.com\/index.php\/wp-json\/wp\/v2\/pages\/314"}],"collection":[{"href":"https:\/\/www.hulyabolu.com\/index.php\/wp-json\/wp\/v2\/pages"}],"about":[{"href":"https:\/\/www.hulyabolu.com\/index.php\/wp-json\/wp\/v2\/types\/page"}],"author":[{"embeddable":true,"href":"https:\/\/www.hulyabolu.com\/index.php\/wp-json\/wp\/v2\/users\/1"}],"replies":[{"embeddable":true,"href":"https:\/\/www.hulyabolu.com\/index.php\/wp-json\/wp\/v2\/comments?post=314"}],"version-history":[{"count":1,"href":"https:\/\/www.hulyabolu.com\/index.php\/wp-json\/wp\/v2\/pages\/314\/revisions"}],"predecessor-version":[{"id":989,"href":"https:\/\/www.hulyabolu.com\/index.php\/wp-json\/wp\/v2\/pages\/314\/revisions\/989"}],"up":[{"embeddable":true,"href":"https:\/\/www.hulyabolu.com\/index.php\/wp-json\/wp\/v2\/pages\/175"}],"wp:attachment":[{"href":"https:\/\/www.hulyabolu.com\/index.php\/wp-json\/wp\/v2\/media?parent=314"}],"curies":[{"name":"wp","href":"https:\/\/api.w.org\/{rel}","templated":true}]}}